{"id":6,"date":"2016-09-21T19:47:13","date_gmt":"2016-09-21T17:47:13","guid":{"rendered":"http:\/\/www.cdhandisport68alsace.com\/?page_id=6"},"modified":"2022-10-11T22:10:26","modified_gmt":"2022-10-11T20:10:26","slug":"cdh-68-demenageur-demenagement-visa-chine-visa-inde-visa-vietnam-visa-russie-croisiere-safari-afrique-garde-meubles","status":"publish","type":"page","link":"https:\/\/www.cdhandisport68alsace.com\/","title":{"rendered":"CDH 68"},"content":{"rendered":"<h2>1\/Pr\u00e9sentation du CDH 68<\/h2>\n<p><img loading=\"lazy\" class=\"alignright size-full wp-image-13\" src=\"https:\/\/www.cdhandisport68alsace.com\/wp-content\/uploads\/2016\/09\/4-1.jpeg.jpg\" alt=\"4-1.jpeg\" width=\"275\" height=\"183\" \/><br \/>\nLe CDH 68 ou Comit\u00e9 D\u00e9partementale Handisport du Haut Rhin est une association \u00e0 but non lucratif dont le si\u00e8ge social se situe \u00e0 Mulhouse. Actuellement pr\u00e9sid\u00e9 par Jean-Paul Greth, le comit\u00e9, comme son nom l\u2019indique, promeut le handisport. Plus concr\u00e8tement, il s\u2019est fix\u00e9 comme objectif d\u2019offrir la possibilit\u00e9 \u00e0 toute personne handicap\u00e9e, quel que soit son \u00e2ge, de pratiquer le sport de loisir ou de comp\u00e9tition de son choix. Afin d\u2019atteindre ces objectifs, l\u2019association proc\u00e8de \u00e0 des campagnes de sensibilisation au handisport \u00e0 destination du grand public. Elle coordonne \u00e9galement le d\u00e9veloppement et l\u2019organisation des activit\u00e9s sur son territoire, \u00e0 savoir le Haut-Rhin. La cr\u00e9ation, l\u2019appui et le r\u00e9seautage d\u2019associations sportives sont \u00e9galement des axes prioritaires de la strat\u00e9gie d\u2019action du comit\u00e9, et ce, dans le but de favoriser les \u00e9changes entre sportifs valides et handicap\u00e9s.<\/p>\n<h2>2\/Le d\u00e9m\u00e9nagement<\/h2>\n<p>Changer de maison pour changer de vie. Des millions de Fran\u00e7ais d\u00e9m\u00e9nagent chaque ann\u00e9e dans l\u2019espoir d\u2019une vie meilleure. Afin de faciliter au mieux ce changement, une bonne organisation s\u2019impose, et ce, m\u00eame avant d\u2019appeler le d\u00e9m\u00e9nageur. Pour les locataires, la premi\u00e8re chose \u00e0 faire consistera \u00e0 informer le propri\u00e9taire de votre d\u00e9part imminent. La prochaine chose \u00e0 effectuer, pour tout le monde, sera d\u2019appeler les compagnies de t\u00e9l\u00e9phone, de gaz et d\u2019\u00e9lectricit\u00e9 ainsi la poste de votre changement d\u2019adresse. Vous pourrez ainsi r\u00e9silier ou changer les termes de votre contrat. Ces d\u00e9marches r\u00e9alis\u00e9es, n\u2019h\u00e9sitez plus \u00e0 contacter une entreprise de <a href=\"https:\/\/www.demenageur.com\/demenager\/\">d\u00e9m\u00e9nagement <\/a>comme <a href=\"https:\/\/www.demenageur.com\">Demenageur.com<\/a> . Demander au pr\u00e9alable un <a href=\"https:\/\/www.demenageur.com\/devis-demenagement\/\">devis d\u00e9m\u00e9nagement<\/a> prenant en compte toutes les options que vous souhaitez. En effet, leurs prestations ne se limitent pas au transport de vos biens. Elle peut par exemple emballer vos affaires ou encore vous louer un garde meuble si vous en avez besoin pendant un certain temps.<\/p>\n<p><a href=\"http:\/\/demenageur.com\/demenagement-paris-75\/\">Demenagement Paris :<\/a><\/p>\n<p>Vous pouvez louer un monte meuble sur cette page : <a href=\"https:\/\/www.demenageur.com\/comment-louer-un-monte-meuble-combien-cela-coute-t-il\/\">ici<\/a><\/p>\n<h2>L\u2019assurance vie<\/h2>\n<p>On serait vite tent\u00e9 de confondre assurance vie lassurancevie.fr\u00a0avec l\u2019assurance d\u00e9c\u00e8s. Pourtant, il s\u2019agit de deux choses tr\u00e8s diff\u00e9rentes. En effet, contrairement \u00e0 l\u2019assurance d\u00e9c\u00e8s, qui est une assurance \u00e0 proprement parler, l\u2019assurance vie n\u2019est pas une somme d\u2019argent qui sera vers\u00e9e \u00e0 votre entourage apr\u00e8s votre mort. C\u2019est plut\u00f4t une somme donn\u00e9e qui vous sera vers\u00e9e (ou \u00e0 votre entourage en cas de d\u00e9c\u00e8s, si vous le stipulez) apr\u00e8s un nombre d\u2019ann\u00e9es de cotisation, vous toucherez m\u00eame des int\u00e9r\u00eats. Vous avez m\u00eame la possibilit\u00e9 de retirer votre argent quand vous le voulez. Toutefois, avec l\u2019all\u00e8gement fiscal dont on b\u00e9n\u00e9ficie apr\u00e8s 8 ann\u00e9es de cotisation pour une assurance vie, il serait plus avis\u00e9 d\u2019attendre ce d\u00e9lai avant de toucher \u00e0 votre capital.<\/p>\n<h2>4\/Les visas \u00e9trangers<\/h2>\n<p>Voyager, voir du pays, tout le monde en r\u00eave. Mais avant de d\u00e9couvrir de nouveaux horizons, il faut obtenir un visa pour y aller. Un voyage en Chine, Russie, Inde ou Vietnam requiert ainsi un visa au d\u00e9part, les visas \u00e0 l\u2019arriv\u00e9e \u00e0 l\u2019a\u00e9roport local n\u2019existant pas. Un visa Chine visachine.fr\u00a0est d\u00e9livr\u00e9 1 semaine apr\u00e8s d\u00e9p\u00f4t de la demande. Un visa Russie\u00a0n\u00e9cessite de 35 \u00e0 70 euros en fonction des d\u00e9lais d\u2019attente et est d\u00e9livr\u00e9 par l\u2019Ambassade. Le visa Inde est d\u00e9livr\u00e9 par 5 centres en France o\u00f9 il faut se d\u00e9placer personnellement. Enfin, un visa Vietnam est d\u00e9livr\u00e9 \u00e0 leur consulat en 1 journ\u00e9e.<\/p>\n<h2>5\/Les croisi\u00e8res<\/h2>\n<p>Une croisi\u00e8re c\u2019est la promesse d\u2019un voyage dans le luxe, le calme et le confort. De plus, il n\u2019est pas n\u00e9cessaire de vendre un rein pour pouvoir en profiter. En effet, de nombreuses offres sp\u00e9ciales sont disponibles et comparables sur internet. Non seulement \u00e7\u00e0, mais il est \u00e9galement possible de b\u00e9n\u00e9ficier de tarifs tr\u00e8s avantageux si l\u2019on s\u2019y prend au dernier moment pour r\u00e9server et si l\u2019on choisit une croisi\u00e8re assez courte \u00e0 la basse saison. Partir pour un weekend sur un coup de t\u00eate, ce n\u2019est pas si fou que \u00e7\u00e0.<\/p>\n","protected":false},"excerpt":{"rendered":"<p>1\/Pr\u00e9sentation du CDH 68 Le CDH 68 ou Comit\u00e9 D\u00e9partementale Handisport du Haut Rhin est une association \u00e0 but non lucratif dont le si\u00e8ge social se situe \u00e0 Mulhouse. Actuellement pr\u00e9sid\u00e9 par Jean-Paul Greth, le comit\u00e9, comme son nom l\u2019indique, promeut le handisport. Plus concr\u00e8tement, il s\u2019est fix\u00e9 comme objectif d\u2019offrir la possibilit\u00e9 \u00e0 toute [&hellip;]<\/p>\n","protected":false},"author":1,"featured_media":0,"parent":0,"menu_order":0,"comment_status":"closed","ping_status":"closed","template":"","meta":[],"_links":{"self":[{"href":"https:\/\/www.cdhandisport68alsace.com\/index.php\/wp-json\/wp\/v2\/pages\/6"}],"collection":[{"href":"https:\/\/www.cdhandisport68alsace.com\/index.php\/wp-json\/wp\/v2\/pages"}],"about":[{"href":"https:\/\/www.cdhandisport68alsace.com\/index.php\/wp-json\/wp\/v2\/types\/page"}],"author":[{"embeddable":true,"href":"https:\/\/www.cdhandisport68alsace.com\/index.php\/wp-json\/wp\/v2\/users\/1"}],"replies":[{"embeddable":true,"href":"https:\/\/www.cdhandisport68alsace.com\/index.php\/wp-json\/wp\/v2\/comments?post=6"}],"version-history":[{"count":8,"href":"https:\/\/www.cdhandisport68alsace.com\/index.php\/wp-json\/wp\/v2\/pages\/6\/revisions"}],"predecessor-version":[{"id":24,"href":"https:\/\/www.cdhandisport68alsace.com\/index.php\/wp-json\/wp\/v2\/pages\/6\/revisions\/24"}],"wp:attachment":[{"href":"https:\/\/www.cdhandisport68alsace.com\/index.php\/wp-json\/wp\/v2\/media?parent=6"}],"curies":[{"name":"wp","href":"https:\/\/api.w.org\/{rel}","templated":true}]}}